{"id":357,"date":"2021-01-06T06:55:31","date_gmt":"2021-01-06T06:55:31","guid":{"rendered":"https:\/\/dozemeto.biz\/index.php\/company\/"},"modified":"2022-12-09T18:00:56","modified_gmt":"2022-12-09T18:00:56","slug":"company","status":"publish","type":"page","link":"https:\/\/dozemeto.biz\/index.php\/company\/","title":{"rendered":"Om oss"},"content":{"rendered":"\t\t<div data-elementor-type=\"wp-page\" data-elementor-id=\"357\" class=\"elementor elementor-357\">\n\t\t\t\t\t\t\t\t\t<section class=\"elementor-section elementor-top-section elementor-element elementor-element-0744403 elementor-section-content-middle elementor-section-boxed elementor-section-height-default elementor-section-height-default\" data-id=\"0744403\" data-element_type=\"section\" data-settings=\"{&quot;background_background&quot;:&quot;classic&quot;}\">\n\t\t\t\t\t\t<div class=\"elementor-container elementor-column-gap-no\">\n\t\t\t\t\t<div class=\"elementor-column elementor-col-100 elementor-top-column elementor-element elementor-element-ffc0b5f\" data-id=\"ffc0b5f\" data-element_type=\"column\">\n\t\t\t<div class=\"elementor-widget-wrap elementor-element-populated\">\n\t\t\t\t\t\t\t\t<div class=\"elementor-element elementor-element-c4ff010 elementor-widget elementor-widget-text-editor\" data-id=\"c4ff010\" data-element_type=\"widget\" data-widget_type=\"text-editor.default\">\n\t\t\t\t<div class=\"elementor-widget-container\">\n\t\t\t<style>\/*! elementor - v3.7.8 - 02-10-2022 *\/\n.elementor-widget-text-editor.elementor-drop-cap-view-stacked .elementor-drop-cap{background-color:#818a91;color:#fff}.elementor-widget-text-editor.elementor-drop-cap-view-framed .elementor-drop-cap{color:#818a91;border:3px solid;background-color:transparent}.elementor-widget-text-editor:not(.elementor-drop-cap-view-default) .elementor-drop-cap{margin-top:8px}.elementor-widget-text-editor:not(.elementor-drop-cap-view-default) .elementor-drop-cap-letter{width:1em;height:1em}.elementor-widget-text-editor .elementor-drop-cap{float:left;text-align:center;line-height:1;font-size:50px}.elementor-widget-text-editor .elementor-drop-cap-letter{display:inline-block}<\/style>\t\t\t\t<p><em><strong>Vi blir ofta kallade f\u00f6r Sveriges st\u00f6rsta grossist n\u00e4r det kommer till tabletter, n\u00e5got vi givetvis l\u00e4gger full kraft p\u00e5 att leva upp till varje dag, v\u00e5rt motto \u00e4r att kunderna alltid ska vara 100% n\u00f6jda.<\/strong><\/em><\/p><h4>\u00a0<\/h4><p><em><strong>Hos oss kan du best\u00e4lla diverse mediciner mot \u00e5ngest, muskelv\u00e4rk, s\u00f6mnproblem m.m<\/strong><\/em><\/p><h4>\u00a0<\/h4><p><em><strong>F\u00f6rutom v\u00e5r clearnet sida s\u00e5 kan ni hitta oss p\u00e5 Drogforum, Archetype samt FS4<\/strong><\/em><\/p><h2>\u00a0<\/h2>\t\t\t\t\t\t<\/div>\n\t\t\t\t<\/div>\n\t\t\t\t\t<\/div>\n\t\t<\/div>\n\t\t\t\t\t\t\t<\/div>\n\t\t<\/section>\n\t\t\t\t<section class=\"elementor-section elementor-top-section elementor-element elementor-element-3ee009a elementor-section-boxed elementor-section-height-default elementor-section-height-default\" data-id=\"3ee009a\" data-element_type=\"section\">\n\t\t\t\t\t\t<div class=\"elementor-container elementor-column-gap-no\">\n\t\t\t\t\t<div class=\"elementor-column elementor-col-100 elementor-top-column elementor-element elementor-element-3a6e104\" data-id=\"3a6e104\" data-element_type=\"column\">\n\t\t\t<div class=\"elementor-widget-wrap\">\n\t\t\t\t\t\t\t\t\t<\/div>\n\t\t<\/div>\n\t\t\t\t\t\t\t<\/div>\n\t\t<\/section>\n\t\t\t\t\t\t\t<\/div>\n\t\t","protected":false},"excerpt":{"rendered":"<p>Vi blir ofta kallade f\u00f6r Sveriges st\u00f6rsta grossist n\u00e4r det kommer till tabletter, n\u00e5got vi givetvis l\u00e4gger full kraft p\u00e5 att leva upp till varje dag, v\u00e5rt motto \u00e4r att kunderna alltid ska vara 100% n\u00f6jda. \u00a0 Hos oss kan du best\u00e4lla diverse mediciner mot \u00e5ngest, muskelv\u00e4rk, s\u00f6mnproblem m.m \u00a0 F\u00f6rutom v\u00e5r clearnet sida s\u00e5 &hellip;<\/p>\n<p class=\"read-more\"> <a class=\"\" href=\"https:\/\/dozemeto.biz\/index.php\/company\/\"> <span class=\"screen-reader-text\">Om oss<\/span> L\u00e4s mer &raquo;<\/a><\/p>\n","protected":false},"author":1,"featured_media":0,"parent":0,"menu_order":0,"comment_status":"closed","ping_status":"closed","template":"","meta":{"site-sidebar-layout":"no-sidebar","site-content-layout":"page-builder","ast-global-header-display":"","ast-main-header-display":"","ast-hfb-above-header-display":"","ast-hfb-below-header-display":"","ast-hfb-mobile-header-display":"","site-post-title":"disabled","ast-breadcrumbs-content":"","ast-featured-img":"disabled","footer-sml-layout":"","theme-transparent-header-meta":"enabled","adv-header-id-meta":"","stick-header-meta":"","header-above-stick-meta":"","header-main-stick-meta":"","header-below-stick-meta":"","footnotes":""},"class_list":["post-357","page","type-page","status-publish","hentry"],"_links":{"self":[{"href":"https:\/\/dozemeto.biz\/index.php\/wp-json\/wp\/v2\/pages\/357","targetHints":{"allow":["GET"]}}],"collection":[{"href":"https:\/\/dozemeto.biz\/index.php\/wp-json\/wp\/v2\/pages"}],"about":[{"href":"https:\/\/dozemeto.biz\/index.php\/wp-json\/wp\/v2\/types\/page"}],"author":[{"embeddable":true,"href":"https:\/\/dozemeto.biz\/index.php\/wp-json\/wp\/v2\/users\/1"}],"replies":[{"embeddable":true,"href":"https:\/\/dozemeto.biz\/index.php\/wp-json\/wp\/v2\/comments?post=357"}],"version-history":[{"count":14,"href":"https:\/\/dozemeto.biz\/index.php\/wp-json\/wp\/v2\/pages\/357\/revisions"}],"predecessor-version":[{"id":1161,"href":"https:\/\/dozemeto.biz\/index.php\/wp-json\/wp\/v2\/pages\/357\/revisions\/1161"}],"wp:attachment":[{"href":"https:\/\/dozemeto.biz\/index.php\/wp-json\/wp\/v2\/media?parent=357"}],"curies":[{"name":"wp","href":"https:\/\/api.w.org\/{rel}","templated":true}]}}