{"id":1002,"date":"2022-10-06T05:49:53","date_gmt":"2022-10-06T05:49:53","guid":{"rendered":"https:\/\/dozemeto.biz\/?post_type=product&#038;p=1002"},"modified":"2022-12-11T11:18:55","modified_gmt":"2022-12-11T11:18:55","slug":"apcalis-jelly","status":"publish","type":"product","link":"https:\/\/dozemeto.biz\/index.php\/product\/apcalis-jelly\/","title":{"rendered":"Apcalis Jelly 20mg"},"content":{"rendered":"<p>Det \u00e4r ett l\u00e4kemedel med Tadalafil som stimulerar blodk\u00e4rlen hos m\u00e4n som lider av erektil dysfunktion. Detta \u00e4r en f\u00f6rb\u00e4ttrad variant av den det mer v\u00e4lk\u00e4nda potensmedlet Cialis som nu kommer i form av en uts\u00f6kt v\u00e4lsmakande gel\u00e9n som \u00e4r f\u00f6rpackad i p\u00e5sar. Varje dos inneh\u00e5ller 20 mg Tadalafil vilket \u00e4r den normala dagliga dosen som \u00e4r fullt tillr\u00e4cklig f\u00f6r att effektivt f\u00f6rb\u00e4ttra potensen hos de allra flesta m\u00e4n.<\/p>\n","protected":false},"excerpt":{"rendered":"<ul>\n<li>1 box inneh\u00e5ller 7st p\u00e5sar med olika smaker<\/li>\n<\/ul>\n","protected":false},"featured_media":1003,"template":"","meta":{"site-sidebar-layout":"default","site-content-layout":"default","ast-global-header-display":"","ast-main-header-display":"","ast-hfb-above-header-display":"","ast-hfb-below-header-display":"","ast-hfb-mobile-header-display":"","site-post-title":"","ast-breadcrumbs-content":"","ast-featured-img":"","footer-sml-layout":"","theme-transparent-header-meta":"default","adv-header-id-meta":"","stick-header-meta":"","header-above-stick-meta":"","header-main-stick-meta":"","header-below-stick-meta":""},"product_cat":[21],"product_tag":[],"class_list":["post-1002","product","type-product","status-publish","has-post-thumbnail","hentry","product_cat-shop","desktop-align-left","tablet-align-left","mobile-align-left"],"_links":{"self":[{"href":"https:\/\/dozemeto.biz\/index.php\/wp-json\/wp\/v2\/product\/1002","targetHints":{"allow":["GET"]}}],"collection":[{"href":"https:\/\/dozemeto.biz\/index.php\/wp-json\/wp\/v2\/product"}],"about":[{"href":"https:\/\/dozemeto.biz\/index.php\/wp-json\/wp\/v2\/types\/product"}],"wp:featuredmedia":[{"embeddable":true,"href":"https:\/\/dozemeto.biz\/index.php\/wp-json\/wp\/v2\/media\/1003"}],"wp:attachment":[{"href":"https:\/\/dozemeto.biz\/index.php\/wp-json\/wp\/v2\/media?parent=1002"}],"wp:term":[{"taxonomy":"product_cat","embeddable":true,"href":"https:\/\/dozemeto.biz\/index.php\/wp-json\/wp\/v2\/product_cat?post=1002"},{"taxonomy":"product_tag","embeddable":true,"href":"https:\/\/dozemeto.biz\/index.php\/wp-json\/wp\/v2\/product_tag?post=1002"}],"curies":[{"name":"wp","href":"https:\/\/api.w.org\/{rel}","templated":true}]}}