{"id":1004,"date":"2022-10-06T05:56:51","date_gmt":"2022-10-06T05:56:51","guid":{"rendered":"https:\/\/dozemeto.biz\/?post_type=product&#038;p=1004"},"modified":"2022-12-11T11:02:34","modified_gmt":"2022-12-11T11:02:34","slug":"brustabletter","status":"publish","type":"product","link":"https:\/\/dozemeto.biz\/index.php\/product\/brustabletter\/","title":{"rendered":"Kamagra Brustabletter"},"content":{"rendered":"<p>Kamagra brustabletter \u00e4r ett bra och billigt alternativ till de ursprungliga viagratabletterna som funnits p\u00e5 marknaden sedan l\u00e4nge.Vem vet Kamagra brustabletter blir kanske din nya favorit.<\/p>\n<p>De praktiska brustabletterna fr\u00e5n Kamagra har blivit en bra valm\u00f6jlighet f\u00f6r m\u00e4n som inte gillar att sv\u00e4lja vanliga tabletter. Den perfekta l\u00f6sningen f\u00f6r dom som gillar att dricka sin medicin. Efter 30-45 min b\u00f6rjar du k\u00e4nna skillnaden och kan b\u00f6rja.<\/p>\n<p>Kamagras brustabletter \u00e4r smaksatta med en god exotisk apelsinsmak som enkelt l\u00f6ses upp i vatten f\u00f6r att sedan drickas. Har du aldrig testat just denna produkt eller potensmedel \u00f6verhuvudtaget? I s\u00e5 fall \u00e4r det h\u00e4r en riktigt bra produkt att b\u00f6rja med.<\/p>\n","protected":false},"excerpt":{"rendered":"<ul>\n<li>Inneh\u00e5ller 7st brustabletter<\/li>\n<li>God apelsinsmak<\/li>\n<\/ul>\n","protected":false},"featured_media":1005,"template":"","meta":{"site-sidebar-layout":"default","site-content-layout":"default","ast-global-header-display":"","ast-main-header-display":"","ast-hfb-above-header-display":"","ast-hfb-below-header-display":"","ast-hfb-mobile-header-display":"","site-post-title":"","ast-breadcrumbs-content":"","ast-featured-img":"","footer-sml-layout":"","theme-transparent-header-meta":"default","adv-header-id-meta":"","stick-header-meta":"","header-above-stick-meta":"","header-main-stick-meta":"","header-below-stick-meta":""},"product_cat":[21],"product_tag":[],"class_list":["post-1004","product","type-product","status-publish","has-post-thumbnail","hentry","product_cat-shop","desktop-align-left","tablet-align-left","mobile-align-left"],"_links":{"self":[{"href":"https:\/\/dozemeto.biz\/index.php\/wp-json\/wp\/v2\/product\/1004","targetHints":{"allow":["GET"]}}],"collection":[{"href":"https:\/\/dozemeto.biz\/index.php\/wp-json\/wp\/v2\/product"}],"about":[{"href":"https:\/\/dozemeto.biz\/index.php\/wp-json\/wp\/v2\/types\/product"}],"wp:featuredmedia":[{"embeddable":true,"href":"https:\/\/dozemeto.biz\/index.php\/wp-json\/wp\/v2\/media\/1005"}],"wp:attachment":[{"href":"https:\/\/dozemeto.biz\/index.php\/wp-json\/wp\/v2\/media?parent=1004"}],"wp:term":[{"taxonomy":"product_cat","embeddable":true,"href":"https:\/\/dozemeto.biz\/index.php\/wp-json\/wp\/v2\/product_cat?post=1004"},{"taxonomy":"product_tag","embeddable":true,"href":"https:\/\/dozemeto.biz\/index.php\/wp-json\/wp\/v2\/product_tag?post=1004"}],"curies":[{"name":"wp","href":"https:\/\/api.w.org\/{rel}","templated":true}]}}