{"id":1008,"date":"2022-10-06T06:03:51","date_gmt":"2022-10-06T06:03:51","guid":{"rendered":"https:\/\/dozemeto.biz\/?post_type=product&#038;p=1008"},"modified":"2022-12-11T10:56:12","modified_gmt":"2022-12-11T10:56:12","slug":"cialis","status":"publish","type":"product","link":"https:\/\/dozemeto.biz\/index.php\/product\/cialis\/","title":{"rendered":"Cialis 20mg"},"content":{"rendered":"<p>Cialis \u00e4r ett av m\u00e5nga l\u00e4kemedel som hj\u00e4lper dig att bota din impotens. Mycket tack vare att den h\u00e4r produkten verkar i upp till 36 timmar. Vilket ingen annan produkt g\u00f6r.<\/p>\n<p>Nu \u00e4r det v\u00e4l h\u00f6g tid att bota din impotens och med hj\u00e4lp av den h\u00e4r tabletten, blir det enklare \u00e4n n\u00e5gonsin tidigare. Tro oss, du kommer inte att \u00e5ngra ditt beslut. Dessutom att k\u00f6pa den h\u00e4r produkten kan mycket v\u00e4l bli det b\u00e4sta ink\u00f6pet du gjort i hela ditt sexuella liv.<\/p>\n","protected":false},"excerpt":{"rendered":"<ul>\n<li>1 karta inneh\u00e5ller 2st tabletter, kommer givetvis i blister!<\/li>\n<li>B\u00f6r inte blandas med alkohol.<\/li>\n<\/ul>\n","protected":false},"featured_media":1009,"template":"","meta":{"site-sidebar-layout":"default","site-content-layout":"default","ast-global-header-display":"","ast-main-header-display":"","ast-hfb-above-header-display":"","ast-hfb-below-header-display":"","ast-hfb-mobile-header-display":"","site-post-title":"","ast-breadcrumbs-content":"","ast-featured-img":"","footer-sml-layout":"","theme-transparent-header-meta":"default","adv-header-id-meta":"","stick-header-meta":"","header-above-stick-meta":"","header-main-stick-meta":"","header-below-stick-meta":""},"product_cat":[21],"product_tag":[],"class_list":["post-1008","product","type-product","status-publish","has-post-thumbnail","hentry","product_cat-shop","desktop-align-left","tablet-align-left","mobile-align-left"],"_links":{"self":[{"href":"https:\/\/dozemeto.biz\/index.php\/wp-json\/wp\/v2\/product\/1008","targetHints":{"allow":["GET"]}}],"collection":[{"href":"https:\/\/dozemeto.biz\/index.php\/wp-json\/wp\/v2\/product"}],"about":[{"href":"https:\/\/dozemeto.biz\/index.php\/wp-json\/wp\/v2\/types\/product"}],"wp:featuredmedia":[{"embeddable":true,"href":"https:\/\/dozemeto.biz\/index.php\/wp-json\/wp\/v2\/media\/1009"}],"wp:attachment":[{"href":"https:\/\/dozemeto.biz\/index.php\/wp-json\/wp\/v2\/media?parent=1008"}],"wp:term":[{"taxonomy":"product_cat","embeddable":true,"href":"https:\/\/dozemeto.biz\/index.php\/wp-json\/wp\/v2\/product_cat?post=1008"},{"taxonomy":"product_tag","embeddable":true,"href":"https:\/\/dozemeto.biz\/index.php\/wp-json\/wp\/v2\/product_tag?post=1008"}],"curies":[{"name":"wp","href":"https:\/\/api.w.org\/{rel}","templated":true}]}}