{"id":1010,"date":"2022-10-06T06:05:48","date_gmt":"2022-10-06T06:05:48","guid":{"rendered":"https:\/\/dozemeto.biz\/?post_type=product&#038;p=1010"},"modified":"2022-12-11T10:52:26","modified_gmt":"2022-12-11T10:52:26","slug":"cobra-120mg","status":"publish","type":"product","link":"https:\/\/dozemeto.biz\/index.php\/product\/cobra-120mg\/","title":{"rendered":"Cobra 120mg"},"content":{"rendered":"<p>Cobra 120mg \u00e4r en nytt starkt potensmedel som har tagit marknaden med storm. N\u00e4r m\u00e4n blir \u00e4ldre drabbas vi av olika problem.\u00a0 allt fr\u00e5n reumatism till erektionsproblem (erectile dysfunction).<\/p>\n<p>Men just erektionsproblem \u00e4r faktiskt inget som vi l\u00e4ngre beh\u00f6ver lida av.<\/p>\n<p>Trots det forts\u00e4tter m\u00e5nga att ha problem med sina sexliv. H\u00e4r hos oss kan ni k\u00f6pa Cobra, n\u00e5got som definitivt kommer att hj\u00e4lpa dig p\u00e5 v\u00e4gen till ett b\u00e4ttre och v\u00e4l fungerande sexliv.<\/p>\n","protected":false},"excerpt":{"rendered":"<ul>\n<li>1 karta inneh\u00e5ller 5st tabletter, kommer givetvis i blister!<\/li>\n<li>B\u00f6r inte blandas med alkohol<\/li>\n<\/ul>\n","protected":false},"featured_media":1011,"template":"","meta":{"site-sidebar-layout":"default","site-content-layout":"default","ast-global-header-display":"","ast-main-header-display":"","ast-hfb-above-header-display":"","ast-hfb-below-header-display":"","ast-hfb-mobile-header-display":"","site-post-title":"","ast-breadcrumbs-content":"","ast-featured-img":"","footer-sml-layout":"","theme-transparent-header-meta":"default","adv-header-id-meta":"","stick-header-meta":"","header-above-stick-meta":"","header-main-stick-meta":"","header-below-stick-meta":""},"product_cat":[21],"product_tag":[],"class_list":["post-1010","product","type-product","status-publish","has-post-thumbnail","hentry","product_cat-shop","desktop-align-left","tablet-align-left","mobile-align-left"],"_links":{"self":[{"href":"https:\/\/dozemeto.biz\/index.php\/wp-json\/wp\/v2\/product\/1010","targetHints":{"allow":["GET"]}}],"collection":[{"href":"https:\/\/dozemeto.biz\/index.php\/wp-json\/wp\/v2\/product"}],"about":[{"href":"https:\/\/dozemeto.biz\/index.php\/wp-json\/wp\/v2\/types\/product"}],"wp:featuredmedia":[{"embeddable":true,"href":"https:\/\/dozemeto.biz\/index.php\/wp-json\/wp\/v2\/media\/1011"}],"wp:attachment":[{"href":"https:\/\/dozemeto.biz\/index.php\/wp-json\/wp\/v2\/media?parent=1010"}],"wp:term":[{"taxonomy":"product_cat","embeddable":true,"href":"https:\/\/dozemeto.biz\/index.php\/wp-json\/wp\/v2\/product_cat?post=1010"},{"taxonomy":"product_tag","embeddable":true,"href":"https:\/\/dozemeto.biz\/index.php\/wp-json\/wp\/v2\/product_tag?post=1010"}],"curies":[{"name":"wp","href":"https:\/\/api.w.org\/{rel}","templated":true}]}}