{"id":1012,"date":"2022-10-06T06:08:35","date_gmt":"2022-10-06T06:08:35","guid":{"rendered":"https:\/\/dozemeto.biz\/?post_type=product&#038;p=1012"},"modified":"2023-04-07T09:07:10","modified_gmt":"2023-04-07T09:07:10","slug":"zopiclone-10mg-zopisign","status":"publish","type":"product","link":"https:\/\/dozemeto.biz\/index.php\/product\/zopiclone-10mg-zopisign\/","title":{"rendered":"Zopiclone 10mg Zopisign"},"content":{"rendered":"<p>Zopiclone kallas \u00e4ven: Zopiclone och Imovane. Det \u00e4r ett s\u00f6mnmedel vilket i likhet med bensodiazepiner p\u00e5verkar ett system i hj\u00e4rnan som kallas f\u00f6r GABA-receptorsystemet. GABA \u00e4r ett \u00e4mne som finns naturligt i kroppen och som har en lugnande, \u00e5ngestd\u00e4mpande och s\u00f6mngivande verkan. Imovane f\u00f6rst\u00e4rker GABA:s s\u00f6mngivande effekt. Det g\u00f6r att man l\u00e4ttare kan somna in, att man vaknar f\u00e4rre g\u00e5nger p\u00e5 natten och att man kan sova l\u00e4ngre p\u00e5 morgonen. Zopiclone, som bland annat s\u00e4ljs under varum\u00e4rket Imovane, \u00e4r ett icke-bensodiazepin som anv\u00e4nds f\u00f6r att behandla s\u00f6mnsv\u00e5righeter.<\/p>\n<p>Zopiclone skiljer sig molekyl\u00e4rt fr\u00e5n bensodiazepinl\u00e4kemedel och klassas som cyklopyrrolon. Men zopiclone \u00f6kar den normala \u00f6verf\u00f6ringen av neurotransmittorn gamma-aminosm\u00f6rsyra (GABA) i centrala nervsystemet via modulerande bensodiazepinreceptorer p\u00e5 samma s\u00e4tt som bensodiazepinl\u00e4kemedel g\u00f6r.<\/p>\n","protected":false},"excerpt":{"rendered":"<ul>\n<li>\u00c4kta apoteksvara fr\u00e5n HAB, varje tablett inneh\u00e5ller 10mg och kommer i blister, 1 karta (14st tabletter)<\/li>\n<li>Notera att dessa tabletter \u00e4r beroendeframkallande och b\u00f6r inte kombineras med alkohol.<\/li>\n<\/ul>\n","protected":false},"featured_media":1379,"template":"","meta":{"site-sidebar-layout":"default","site-content-layout":"default","ast-global-header-display":"","ast-main-header-display":"","ast-hfb-above-header-display":"","ast-hfb-below-header-display":"","ast-hfb-mobile-header-display":"","site-post-title":"","ast-breadcrumbs-content":"","ast-featured-img":"","footer-sml-layout":"","theme-transparent-header-meta":"default","adv-header-id-meta":"","stick-header-meta":"","header-above-stick-meta":"","header-main-stick-meta":"","header-below-stick-meta":""},"product_cat":[21],"product_tag":[],"class_list":["post-1012","product","type-product","status-publish","has-post-thumbnail","hentry","product_cat-shop","desktop-align-left","tablet-align-left","mobile-align-left"],"_links":{"self":[{"href":"https:\/\/dozemeto.biz\/index.php\/wp-json\/wp\/v2\/product\/1012","targetHints":{"allow":["GET"]}}],"collection":[{"href":"https:\/\/dozemeto.biz\/index.php\/wp-json\/wp\/v2\/product"}],"about":[{"href":"https:\/\/dozemeto.biz\/index.php\/wp-json\/wp\/v2\/types\/product"}],"wp:featuredmedia":[{"embeddable":true,"href":"https:\/\/dozemeto.biz\/index.php\/wp-json\/wp\/v2\/media\/1379"}],"wp:attachment":[{"href":"https:\/\/dozemeto.biz\/index.php\/wp-json\/wp\/v2\/media?parent=1012"}],"wp:term":[{"taxonomy":"product_cat","embeddable":true,"href":"https:\/\/dozemeto.biz\/index.php\/wp-json\/wp\/v2\/product_cat?post=1012"},{"taxonomy":"product_tag","embeddable":true,"href":"https:\/\/dozemeto.biz\/index.php\/wp-json\/wp\/v2\/product_tag?post=1012"}],"curies":[{"name":"wp","href":"https:\/\/api.w.org\/{rel}","templated":true}]}}