{"id":1093,"date":"2022-12-08T16:58:23","date_gmt":"2022-12-08T16:58:23","guid":{"rendered":"https:\/\/dozemeto.biz\/?post_type=product&#038;p=1093"},"modified":"2022-12-11T10:16:27","modified_gmt":"2022-12-11T10:16:27","slug":"rivitrol-2mg-galenika","status":"publish","type":"product","link":"https:\/\/dozemeto.biz\/index.php\/product\/rivitrol-2mg-galenika\/","title":{"rendered":"Rivitrol 2mg"},"content":{"rendered":"<p>Klonazepam\u00a0kallas \u00e4ven: Iktrovil, Rivotril och Klonopin. Iktrovil \u00e4r ett muskelavslappnande och psykoaktivt lugnande l\u00e4kemedel som tillh\u00f6r l\u00e4kemedelsgruppen bensodiazepiner. Varunamn i Sverige \u00e4r Iktorivil. Det kan \u00e4ven fungera vid de mycket sm\u00e4rtsamma kroniska muskelkramper som med tiden kan uppst\u00e5 i ryggmuskler och andra st\u00f6rre muskler som \u00f6verbelastas vid led\u00f6verr\u00f6rlighetssyndrom orsakade av medf\u00f6dda kollagendefekter, till exempel Ehler-Danlos syndrom typ 3, som g\u00f6r ledband, senor och ligament \u00f6vert\u00f6jbara och d\u00e4rmed st\u00e4ller h\u00f6ga krav p\u00e5 muskler f\u00f6r att h\u00e5lla samman leder. Substansen \u00e4r narkotikaklassad och ing\u00e5r i f\u00f6rteckning P IV i 1971 \u00e5rs psykotropkonvenion, samt i f\u00f6rteckning IV i Sverige.<\/p>\n","protected":false},"excerpt":{"rendered":"<ul>\n<li>Klassiska Rivitrol fr\u00e5n Galenika som kommer i kartor.<\/li>\n<li>Varje tablett inneh\u00e5ller 2mg Klonazepam som \u00e4ven \u00e4r det verksamma \u00e4mnet i Iktorivil. Notera att dessa tabletter \u00e4r beroendeframkallande och b\u00f6r inte kombineras med alkohol.<\/li>\n<\/ul>\n","protected":false},"featured_media":1094,"template":"","meta":{"site-sidebar-layout":"default","site-content-layout":"default","ast-global-header-display":"","ast-main-header-display":"","ast-hfb-above-header-display":"","ast-hfb-below-header-display":"","ast-hfb-mobile-header-display":"","site-post-title":"","ast-breadcrumbs-content":"","ast-featured-img":"","footer-sml-layout":"","theme-transparent-header-meta":"default","adv-header-id-meta":"","stick-header-meta":"","header-above-stick-meta":"","header-main-stick-meta":"","header-below-stick-meta":""},"product_cat":[21],"product_tag":[],"class_list":["post-1093","product","type-product","status-publish","has-post-thumbnail","hentry","product_cat-shop","desktop-align-left","tablet-align-left","mobile-align-left"],"_links":{"self":[{"href":"https:\/\/dozemeto.biz\/index.php\/wp-json\/wp\/v2\/product\/1093","targetHints":{"allow":["GET"]}}],"collection":[{"href":"https:\/\/dozemeto.biz\/index.php\/wp-json\/wp\/v2\/product"}],"about":[{"href":"https:\/\/dozemeto.biz\/index.php\/wp-json\/wp\/v2\/types\/product"}],"wp:featuredmedia":[{"embeddable":true,"href":"https:\/\/dozemeto.biz\/index.php\/wp-json\/wp\/v2\/media\/1094"}],"wp:attachment":[{"href":"https:\/\/dozemeto.biz\/index.php\/wp-json\/wp\/v2\/media?parent=1093"}],"wp:term":[{"taxonomy":"product_cat","embeddable":true,"href":"https:\/\/dozemeto.biz\/index.php\/wp-json\/wp\/v2\/product_cat?post=1093"},{"taxonomy":"product_tag","embeddable":true,"href":"https:\/\/dozemeto.biz\/index.php\/wp-json\/wp\/v2\/product_tag?post=1093"}],"curies":[{"name":"wp","href":"https:\/\/api.w.org\/{rel}","templated":true}]}}