{"id":1095,"date":"2022-12-08T17:39:55","date_gmt":"2022-12-08T17:39:55","guid":{"rendered":"https:\/\/dozemeto.biz\/?post_type=product&#038;p=1095"},"modified":"2022-12-11T10:14:20","modified_gmt":"2022-12-11T10:14:20","slug":"tramadol-200mg-santeria","status":"publish","type":"product","link":"https:\/\/dozemeto.biz\/index.php\/product\/tramadol-200mg-santeria\/","title":{"rendered":"Tramadol 200mg"},"content":{"rendered":"<p>Tramadol\u00a0kallas \u00e4ven: Alkaloid, Tradolan och Tapentadol. Tradolan anses vara en syntetisk opioid, men som tros ha hittats i busken Nauclea latifolia. Detta \u00e4r dock omtvistat Tradolan \u00e4r ett morfinliknande analgetikum, som anv\u00e4nds vid m\u00e5ttlig till sv\u00e5r akut och kronisk sm\u00e4rta. Tradolan \u00e4r ett beroendeframkallande medel och vid l\u00e5ngvarig anv\u00e4ndning kan tolerans, psykiskt och fysiskt beroende utvecklas. Risken \u00e4r mindre vid kortare behandlingstid men uts\u00e4ttningssymptom kan f\u00f6rekomma \u00e4ven vid behandlingstid kortare \u00e4n en m\u00e5nad. Vid normala doser har en beroendefrekvens p\u00e5 1 av 8000 rapporterats, enligt FASS. Tradolan har varit under utredning vid L\u00e4kemedelsverket och den 1 december 2007 blev substansen narkotikaklassad i Sverige, dock med flera undantag. Den huvudsakliga aktiva metaboliten \u00e4r O-desmetyltramadol.<\/p>\n","protected":false},"excerpt":{"rendered":"<ul>\n<li>Dessa potenta tabletter kommer fr\u00e5n det k\u00e4nda l\u00e4kemedelf\u00f6retaget Santeria. B\u00e4ttre kvalit\u00e9 \u00e4n detta hittar man inte p\u00e5 marknaden.<\/li>\n<li>Kommer i kartor med 10st tabletter, inneh\u00e5llande 200mg Tramadol per tablett. Notera att Tramadol \u00e4r beroendeframkallande och b\u00f6r inte kombineras med alkohol.<\/li>\n<\/ul>\n","protected":false},"featured_media":1096,"template":"","meta":{"site-sidebar-layout":"default","site-content-layout":"default","ast-global-header-display":"","ast-main-header-display":"","ast-hfb-above-header-display":"","ast-hfb-below-header-display":"","ast-hfb-mobile-header-display":"","site-post-title":"","ast-breadcrumbs-content":"","ast-featured-img":"","footer-sml-layout":"","theme-transparent-header-meta":"default","adv-header-id-meta":"","stick-header-meta":"","header-above-stick-meta":"","header-main-stick-meta":"","header-below-stick-meta":""},"product_cat":[21],"product_tag":[],"class_list":["post-1095","product","type-product","status-publish","has-post-thumbnail","hentry","product_cat-shop","desktop-align-left","tablet-align-left","mobile-align-left"],"_links":{"self":[{"href":"https:\/\/dozemeto.biz\/index.php\/wp-json\/wp\/v2\/product\/1095","targetHints":{"allow":["GET"]}}],"collection":[{"href":"https:\/\/dozemeto.biz\/index.php\/wp-json\/wp\/v2\/product"}],"about":[{"href":"https:\/\/dozemeto.biz\/index.php\/wp-json\/wp\/v2\/types\/product"}],"wp:featuredmedia":[{"embeddable":true,"href":"https:\/\/dozemeto.biz\/index.php\/wp-json\/wp\/v2\/media\/1096"}],"wp:attachment":[{"href":"https:\/\/dozemeto.biz\/index.php\/wp-json\/wp\/v2\/media?parent=1095"}],"wp:term":[{"taxonomy":"product_cat","embeddable":true,"href":"https:\/\/dozemeto.biz\/index.php\/wp-json\/wp\/v2\/product_cat?post=1095"},{"taxonomy":"product_tag","embeddable":true,"href":"https:\/\/dozemeto.biz\/index.php\/wp-json\/wp\/v2\/product_tag?post=1095"}],"curies":[{"name":"wp","href":"https:\/\/api.w.org\/{rel}","templated":true}]}}