{"id":1121,"date":"2022-12-08T19:51:31","date_gmt":"2022-12-08T19:51:31","guid":{"rendered":"https:\/\/dozemeto.biz\/?post_type=product&#038;p=1121"},"modified":"2022-12-11T09:27:06","modified_gmt":"2022-12-11T09:27:06","slug":"lorazepam-2-5mg","status":"publish","type":"product","link":"https:\/\/dozemeto.biz\/index.php\/product\/lorazepam-2-5mg\/","title":{"rendered":"Lorazepam 2.5mg"},"content":{"rendered":"<p>Lorazepam \u00e4r ett narkotikaklassat lugnande bensodiazepinpreparat. \u00c4mnet s\u00e4ljs under varunamnet Temesta i Sverige och som Ativan i USA och Storbritannien. Lorazepam anv\u00e4nds vid oro, \u00e5ngest och rastl\u00f6shet. Vid depressioner med inslag av nyssn\u00e4mnda symptom kan medlet anv\u00e4ndas tillsammans med sedvanliga antidepressiva l\u00e4kemedel.<\/p>\n","protected":false},"excerpt":{"rendered":"<ul>\n<li>\u00c4kta apoteksvara fr\u00e5n Hemofarm, varje tablett inneh\u00e5ller 2.5mg och kommer i blister!<\/li>\n<li>Notera att dessa tabletter \u00e4r beroendeframkallande och b\u00f6r inte kombineras med alkohol.<\/li>\n<\/ul>\n","protected":false},"featured_media":1122,"template":"","meta":{"site-sidebar-layout":"default","site-content-layout":"default","ast-global-header-display":"","ast-main-header-display":"","ast-hfb-above-header-display":"","ast-hfb-below-header-display":"","ast-hfb-mobile-header-display":"","site-post-title":"","ast-breadcrumbs-content":"","ast-featured-img":"","footer-sml-layout":"","theme-transparent-header-meta":"default","adv-header-id-meta":"","stick-header-meta":"","header-above-stick-meta":"","header-main-stick-meta":"","header-below-stick-meta":""},"product_cat":[21],"product_tag":[],"class_list":["post-1121","product","type-product","status-publish","has-post-thumbnail","hentry","product_cat-shop","desktop-align-left","tablet-align-left","mobile-align-left"],"_links":{"self":[{"href":"https:\/\/dozemeto.biz\/index.php\/wp-json\/wp\/v2\/product\/1121","targetHints":{"allow":["GET"]}}],"collection":[{"href":"https:\/\/dozemeto.biz\/index.php\/wp-json\/wp\/v2\/product"}],"about":[{"href":"https:\/\/dozemeto.biz\/index.php\/wp-json\/wp\/v2\/types\/product"}],"wp:featuredmedia":[{"embeddable":true,"href":"https:\/\/dozemeto.biz\/index.php\/wp-json\/wp\/v2\/media\/1122"}],"wp:attachment":[{"href":"https:\/\/dozemeto.biz\/index.php\/wp-json\/wp\/v2\/media?parent=1121"}],"wp:term":[{"taxonomy":"product_cat","embeddable":true,"href":"https:\/\/dozemeto.biz\/index.php\/wp-json\/wp\/v2\/product_cat?post=1121"},{"taxonomy":"product_tag","embeddable":true,"href":"https:\/\/dozemeto.biz\/index.php\/wp-json\/wp\/v2\/product_tag?post=1121"}],"curies":[{"name":"wp","href":"https:\/\/api.w.org\/{rel}","templated":true}]}}