{"id":1200,"date":"2022-12-11T09:42:41","date_gmt":"2022-12-11T09:42:41","guid":{"rendered":"https:\/\/dozemeto.biz\/?post_type=product&#038;p=1200"},"modified":"2022-12-11T10:05:05","modified_gmt":"2022-12-11T10:05:05","slug":"subutex-8mg","status":"publish","type":"product","link":"https:\/\/dozemeto.biz\/index.php\/product\/subutex-8mg\/","title":{"rendered":"Subutex 8mg"},"content":{"rendered":"<p>Buprenorfin\u00a0kallas \u00e4ven: Subutex, Subuxone och Temgesic. Subuxone \u00e4r ett kraftigt sm\u00e4rtstillande preparat tillh\u00f6rande gruppen opioider och \u00e4r narkotikaklassat. Det \u00e4r ocks\u00e5 starkt beroendeframkallande. Det framst\u00e4lls genom att extrahera \u00e4mnet tebain ur opiumvallmo. Buprenorfin, som bland annat s\u00e4ljs under varum\u00e4rket Subutex, \u00e4r en opioid som anv\u00e4nds f\u00f6r att behandla opioidanv\u00e4ndningsst\u00f6rning, akut sm\u00e4rta och kronisk sm\u00e4rta. Det kan anv\u00e4ndas under tungan, i kinden, genom injektion, som en hudpl\u00e5ster eller som ett implantat. F\u00f6r opioidanv\u00e4ndningsst\u00f6rning startas det vanligtvis n\u00e4r abstinenssymptom har b\u00f6rjat och under de f\u00f6rsta tv\u00e5 dagarna av behandlingen under direkt observation av en v\u00e5rdgivare. Kombinationsformuleringen av buprenorfin \/ naloxon (Suboxone) rekommenderas f\u00f6r att motverka missbruk genom injektion. Maximal sm\u00e4rtlindring \u00e4r vanligtvis inom en timme med effekter upp till 24 timmar.<\/p>\n","protected":false},"excerpt":{"rendered":"<ul>\n<li>\u00c4kta apoteksvara fr\u00e5n Indivior, varje tablett inneh\u00e5ller 8mg och kommer i blister!<\/li>\n<li>Notera att dessa tabletter \u00e4r beroendeframkallande och b\u00f6r inte kombineras med alkohol.<\/li>\n<\/ul>\n","protected":false},"featured_media":1202,"template":"","meta":{"site-sidebar-layout":"default","site-content-layout":"default","ast-global-header-display":"","ast-main-header-display":"","ast-hfb-above-header-display":"","ast-hfb-below-header-display":"","ast-hfb-mobile-header-display":"","site-post-title":"","ast-breadcrumbs-content":"","ast-featured-img":"","footer-sml-layout":"","theme-transparent-header-meta":"default","adv-header-id-meta":"","stick-header-meta":"","header-above-stick-meta":"","header-main-stick-meta":"","header-below-stick-meta":""},"product_cat":[21],"product_tag":[],"class_list":["post-1200","product","type-product","status-publish","has-post-thumbnail","hentry","product_cat-shop","desktop-align-left","tablet-align-left","mobile-align-left"],"_links":{"self":[{"href":"https:\/\/dozemeto.biz\/index.php\/wp-json\/wp\/v2\/product\/1200","targetHints":{"allow":["GET"]}}],"collection":[{"href":"https:\/\/dozemeto.biz\/index.php\/wp-json\/wp\/v2\/product"}],"about":[{"href":"https:\/\/dozemeto.biz\/index.php\/wp-json\/wp\/v2\/types\/product"}],"wp:featuredmedia":[{"embeddable":true,"href":"https:\/\/dozemeto.biz\/index.php\/wp-json\/wp\/v2\/media\/1202"}],"wp:attachment":[{"href":"https:\/\/dozemeto.biz\/index.php\/wp-json\/wp\/v2\/media?parent=1200"}],"wp:term":[{"taxonomy":"product_cat","embeddable":true,"href":"https:\/\/dozemeto.biz\/index.php\/wp-json\/wp\/v2\/product_cat?post=1200"},{"taxonomy":"product_tag","embeddable":true,"href":"https:\/\/dozemeto.biz\/index.php\/wp-json\/wp\/v2\/product_tag?post=1200"}],"curies":[{"name":"wp","href":"https:\/\/api.w.org\/{rel}","templated":true}]}}