{"id":1203,"date":"2022-12-11T09:55:11","date_gmt":"2022-12-11T09:55:11","guid":{"rendered":"https:\/\/dozemeto.biz\/?post_type=product&#038;p=1203"},"modified":"2022-12-11T10:01:22","modified_gmt":"2022-12-11T10:01:22","slug":"lyrica-300mg","status":"publish","type":"product","link":"https:\/\/dozemeto.biz\/index.php\/product\/lyrica-300mg\/","title":{"rendered":"Lyrica 300mg"},"content":{"rendered":"<p>Pregabalin kallas \u00e4ven: Lyrica. Det \u00e4r ett l\u00e4kemedel som marknadsf\u00f6rs av HAB PHARMACEUTICALS under namnet Lyrica och som \u00e4r ett antiepileptikum som \u00e4ven anv\u00e4nds som stabiliserande vid generaliserat \u00e5ngestsyndrom och vid neuropatisk sm\u00e4rta. Pregabalin, som bland annat marknadsf\u00f6rs under varum\u00e4rket Lyrica, \u00e4r ett l\u00e4kemedel som anv\u00e4nds f\u00f6r att behandla epilepsi, neuropatisk sm\u00e4rta, fibromyalgi, rastl\u00f6sa bensyndrom och generaliserad \u00e5ngestsyndrom. Dess anv\u00e4ndning vid epilepsi \u00e4r som en till\u00e4ggsbehandling f\u00f6r partiella anfall. N\u00e4r det anv\u00e4nds f\u00f6re operationen minskar det sm\u00e4rta men leder till st\u00f6rre sedering och synst\u00f6rningar. Det tas genom munnen.<\/p>\n","protected":false},"excerpt":{"rendered":"<ul>\n<li>Kommer i kartor med 15st kapslar, inneh\u00e5llande 300mg Pregabalin per kapsel. G\u00e5r \u00e4ven under namnet Lyrica p\u00e5 marknaden.<\/li>\n<li>Notera att dessa kapslar \u00e4r beroendeframkallande och b\u00f6r inte kombineras med alkohol.<\/li>\n<\/ul>\n","protected":false},"featured_media":1204,"template":"","meta":{"site-sidebar-layout":"default","site-content-layout":"default","ast-global-header-display":"","ast-main-header-display":"","ast-hfb-above-header-display":"","ast-hfb-below-header-display":"","ast-hfb-mobile-header-display":"","site-post-title":"","ast-breadcrumbs-content":"","ast-featured-img":"","footer-sml-layout":"","theme-transparent-header-meta":"default","adv-header-id-meta":"","stick-header-meta":"","header-above-stick-meta":"","header-main-stick-meta":"","header-below-stick-meta":""},"product_cat":[21],"product_tag":[],"class_list":["post-1203","product","type-product","status-publish","has-post-thumbnail","hentry","product_cat-shop","desktop-align-left","tablet-align-left","mobile-align-left"],"_links":{"self":[{"href":"https:\/\/dozemeto.biz\/index.php\/wp-json\/wp\/v2\/product\/1203","targetHints":{"allow":["GET"]}}],"collection":[{"href":"https:\/\/dozemeto.biz\/index.php\/wp-json\/wp\/v2\/product"}],"about":[{"href":"https:\/\/dozemeto.biz\/index.php\/wp-json\/wp\/v2\/types\/product"}],"wp:featuredmedia":[{"embeddable":true,"href":"https:\/\/dozemeto.biz\/index.php\/wp-json\/wp\/v2\/media\/1204"}],"wp:attachment":[{"href":"https:\/\/dozemeto.biz\/index.php\/wp-json\/wp\/v2\/media?parent=1203"}],"wp:term":[{"taxonomy":"product_cat","embeddable":true,"href":"https:\/\/dozemeto.biz\/index.php\/wp-json\/wp\/v2\/product_cat?post=1203"},{"taxonomy":"product_tag","embeddable":true,"href":"https:\/\/dozemeto.biz\/index.php\/wp-json\/wp\/v2\/product_tag?post=1203"}],"curies":[{"name":"wp","href":"https:\/\/api.w.org\/{rel}","templated":true}]}}